{"id":396,"date":"2021-08-23T11:34:54","date_gmt":"2021-08-23T09:34:54","guid":{"rendered":"https:\/\/www.premoem.org\/?page_id=396"},"modified":"2021-09-16T13:06:54","modified_gmt":"2021-09-16T11:06:54","slug":"impressum","status":"publish","type":"page","link":"https:\/\/www.premoem.com\/en\/impressum\/","title":{"rendered":"Legal notice"},"content":{"rendered":"<div data-elementor-type=\"wp-page\" data-elementor-id=\"396\" class=\"elementor elementor-396\">\n\t\t\t\t\t\t<section class=\"elementor-section elementor-top-section elementor-element elementor-element-4c894a90 elementor-section-boxed elementor-section-height-default elementor-section-height-default elementor-invisible\" data-id=\"4c894a90\" data-element_type=\"section\" data-e-type=\"section\" data-settings=\"{&quot;background_background&quot;:&quot;classic&quot;,&quot;animation&quot;:&quot;fadeIn&quot;}\">\n\t\t\t\t\t\t\t<div class=\"elementor-background-overlay\"><\/div>\n\t\t\t\t\t\t\t<div class=\"elementor-container elementor-column-gap-default\">\n\t\t\t\t\t<div class=\"elementor-column elementor-col-100 elementor-top-column elementor-element elementor-element-2b861e31\" data-id=\"2b861e31\" data-element_type=\"column\" data-e-type=\"column\">\n\t\t\t<div class=\"elementor-widget-wrap elementor-element-populated\">\n\t\t\t\t\t\t<div class=\"elementor-element elementor-element-3ec5d504 elementor-invisible elementor-widget elementor-widget-heading\" data-id=\"3ec5d504\" data-element_type=\"widget\" data-e-type=\"widget\" data-settings=\"{&quot;_animation&quot;:&quot;fadeIn&quot;}\" data-widget_type=\"heading.default\">\n\t\t\t\t<div class=\"elementor-widget-container\">\n\t\t\t\t\t<h2 class=\"elementor-heading-title elementor-size-default\">Legal notice<\/h2>\t\t\t\t<\/div>\n\t\t\t\t<\/div>\n\t\t\t\t\t<\/div>\n\t\t<\/div>\n\t\t\t\t\t<\/div>\n\t\t<\/section>\n\t\t\t\t<section class=\"elementor-section elementor-top-section elementor-element elementor-element-7d13afdc elementor-section-boxed elementor-section-height-default elementor-section-height-default\" data-id=\"7d13afdc\" data-element_type=\"section\" data-e-type=\"section\">\n\t\t\t\t\t\t<div class=\"elementor-container elementor-column-gap-default\">\n\t\t\t\t\t<div class=\"elementor-column elementor-col-50 elementor-top-column elementor-element elementor-element-63f6d7a2\" data-id=\"63f6d7a2\" data-element_type=\"column\" data-e-type=\"column\">\n\t\t\t<div class=\"elementor-widget-wrap elementor-element-populated\">\n\t\t\t\t\t\t<div class=\"elementor-element elementor-element-190e9f36 elementor-widget elementor-widget-text-editor\" data-id=\"190e9f36\" data-element_type=\"widget\" data-e-type=\"widget\" data-widget_type=\"text-editor.default\">\n\t\t\t\t<div class=\"elementor-widget-container\">\n\t\t\t\t\t\t\t\t\t<p><span style=\"color: #525252; font-family: 'Titillium Web'; font-size: 16px; font-style: normal; font-variant-ligatures: normal; font-variant-caps: normal; font-weight: 400;\">PREMOEM GmbH<\/span><\/p>\n<div style=\"border-style: solid; border-color: #333333; -webkit-font-smoothing: antialiased; -webkit-tap-highlight-color: transparent; color: #525252; font-family: 'Titillium Web'; font-size: 16px; font-style: normal; font-variant-ligatures: normal; font-variant-caps: normal; font-weight: 400;\">Wiesenstra\u00dfe 21 (W21)<\/div>\n<div style=\"border-style: solid; border-color: #333333; -webkit-font-smoothing: antialiased; -webkit-tap-highlight-color: transparent; color: #525252; font-family: 'Titillium Web'; font-size: 16px; font-style: normal; font-variant-ligatures: normal; font-variant-caps: normal; font-weight: 400;\">&nbsp;<\/div>\n<div style=\"border-style: solid; border-color: #333333; -webkit-font-smoothing: antialiased; -webkit-tap-highlight-color: transparent; color: #525252; font-family: 'Titillium Web'; font-size: 16px; font-style: normal; font-variant-ligatures: normal; font-variant-caps: normal; font-weight: 400;\">D-40549 D\u00fcsseldorf<\/div>\n<div style=\"border-style: solid; border-color: #333333; -webkit-font-smoothing: antialiased; -webkit-tap-highlight-color: transparent; color: #525252; font-family: 'Titillium Web'; font-size: 16px; font-style: normal; font-variant-ligatures: normal; font-variant-caps: normal; font-weight: 400;\">&nbsp;<\/div>\n<div style=\"border-style: solid; border-color: #333333; -webkit-font-smoothing: antialiased; -webkit-tap-highlight-color: transparent; color: #525252; font-family: 'Titillium Web'; font-size: 16px; font-style: normal; font-variant-ligatures: normal; font-variant-caps: normal; font-weight: 400;\">Phone +49 (0)2 11 &#8211; 92419-777<\/div>\n<div style=\"border-style: solid; border-color: #333333; -webkit-font-smoothing: antialiased; -webkit-tap-highlight-color: transparent; color: #525252; font-family: 'Titillium Web'; font-size: 16px; font-style: normal; font-variant-ligatures: normal; font-variant-caps: normal; font-weight: 400;\">&nbsp;<\/div>\n<div style=\"border-style: solid; border-color: #333333; -webkit-font-smoothing: antialiased; -webkit-tap-highlight-color: transparent; color: #525252; font-family: 'Titillium Web'; font-size: 16px; font-style: normal; font-variant-ligatures: normal; font-variant-caps: normal; font-weight: 400;\">Fax +49 (0)2 11 &#8211; 92419-762<\/div>\n<div style=\"border-style: solid; border-color: #333333; -webkit-font-smoothing: antialiased; -webkit-tap-highlight-color: transparent; color: #525252; font-family: 'Titillium Web'; font-size: 16px; font-style: normal; font-variant-ligatures: normal; font-variant-caps: normal; font-weight: 400;\">&nbsp;<\/div>\n<div style=\"border-style: solid; border-color: #333333; -webkit-font-smoothing: antialiased; -webkit-tap-highlight-color: transparent; color: #525252; font-family: 'Titillium Web'; font-size: 16px; font-style: normal; font-variant-ligatures: normal; font-variant-caps: normal; font-weight: 400;\">mail@premoem.com<\/div>\n<div style=\"border-style: solid; border-color: #333333; -webkit-font-smoothing: antialiased; -webkit-tap-highlight-color: transparent; color: #525252; font-family: 'Titillium Web'; font-size: 16px; font-style: normal; font-variant-ligatures: normal; font-variant-caps: normal; font-weight: 400;\">&nbsp;<\/div>\n<div style=\"border-style: solid; border-color: #333333; -webkit-font-smoothing: antialiased; -webkit-tap-highlight-color: transparent; color: #525252; font-family: 'Titillium Web'; font-size: 16px; font-style: normal; font-variant-ligatures: normal; font-variant-caps: normal; font-weight: 400;\">Gesch\u00e4ftsf\u00fchrer: HAKKI SARI<\/div>\n<div style=\"border-style: solid; border-color: #333333; -webkit-font-smoothing: antialiased; -webkit-tap-highlight-color: transparent; color: #525252; font-family: 'Titillium Web'; font-size: 16px; font-style: normal; font-variant-ligatures: normal; font-variant-caps: normal; font-weight: 400;\">&nbsp;<\/div>\n<div style=\"border-style: solid; border-color: #333333; -webkit-font-smoothing: antialiased; -webkit-tap-highlight-color: transparent; color: #525252; font-family: 'Titillium Web'; font-size: 16px; font-style: normal; font-variant-ligatures: normal; font-variant-caps: normal; font-weight: 400;\">Registergericht: Amtsgericht D\u00fcsseldorf<\/div>\n<div style=\"border-style: solid; border-color: #333333; -webkit-font-smoothing: antialiased; -webkit-tap-highlight-color: transparent; color: #525252; font-family: 'Titillium Web'; font-size: 16px; font-style: normal; font-variant-ligatures: normal; font-variant-caps: normal; font-weight: 400;\">Registernummer: HRB 74066<\/div>\n<div style=\"border-style: solid; border-color: #333333; -webkit-font-smoothing: antialiased; -webkit-tap-highlight-color: transparent; color: #525252; font-family: 'Titillium Web'; font-size: 16px; font-style: normal; font-variant-ligatures: normal; font-variant-caps: normal; font-weight: 400;\">Umsatzsteuer-Identifikationsnummer gem\u00e4\u00df \u00a7 27a Umsatzsteuergesetz:<br>DE 299153314<\/div>\n<div style=\"border-style: solid; border-color: #333333; -webkit-font-smoothing: antialiased; -webkit-tap-highlight-color: transparent; color: #525252; font-family: 'Titillium Web'; font-size: 16px; font-style: normal; font-variant-ligatures: normal; font-variant-caps: normal; font-weight: 400;\">&nbsp;<\/div>\n<div style=\"border-style: solid; border-color: #333333; -webkit-font-smoothing: antialiased; -webkit-tap-highlight-color: transparent; color: #525252; font-family: 'Titillium Web'; font-size: 16px; font-style: normal; font-variant-ligatures: normal; font-variant-caps: normal; font-weight: 400;\">Inhaltlich Verantwortlich gem\u00e4\u00df \u00a7 55 Abs. 2 RStV: HAKKI SARI<\/div>\n<div style=\"border-style: solid; border-color: #333333; -webkit-font-smoothing: antialiased; -webkit-tap-highlight-color: transparent; color: #525252; font-family: 'Titillium Web'; font-size: 16px; font-style: normal; font-variant-ligatures: normal; font-variant-caps: normal; font-weight: 400;\">&nbsp;<\/div>\n<h1 style=\"border-style: solid; border-color: #333333; -webkit-font-smoothing: antialiased; -webkit-tap-highlight-color: transparent; color: #525252; font-family: 'Titillium Web'; font-size: 16px; font-style: normal; font-variant-ligatures: normal; font-variant-caps: normal; font-weight: 400;\">Haftungshinweis: Wir \u00fcbernehmen keine Haftung f\u00fcr die Inhalte externer Links. F\u00fcr den Inhalt der verlinkten Seiten sind ausschlie\u00dflich deren Betreiber verantwortlich.<br>&nbsp;<br>Urhebervermerk f\u00fcr Videos:<\/h1>\n<h1 style=\"border-style: solid; border-color: #333333; -webkit-font-smoothing: antialiased; -webkit-tap-highlight-color: transparent; color: #525252; font-family: 'Titillium Web'; font-size: 16px; font-style: normal; font-variant-ligatures: normal; font-variant-caps: normal; font-weight: 400;\">Video &#8222;Herstellung&#8220;: <a href=\"https:\/\/www.istockphoto.com\/de\/portfolio\/Phuchit?assettype=film\">iStock.com\/Phuchit<\/a><\/h1>\n<div>\n<h1 style=\"border-style: solid; border-color: rgb(51, 51, 51); font-variant-ligatures: normal; font-variant-caps: normal; font-size: 16px; font-style: normal; font-weight: 400; color: rgb(82, 82, 82); -webkit-font-smoothing: antialiased; -webkit-tap-highlight-color: transparent;\">Video &#8222;Vertrieb&#8220;: <a href=\"https:\/\/www.istockphoto.com\/de\/portfolio\/gorodenkoff?assettype=film\">iStock.com\/gorodenkoff<\/a><\/h1>\n<\/div>\n<h1 style=\"border-style: solid; border-color: rgb(51, 51, 51); font-variant-ligatures: normal; font-variant-caps: normal; font-size: 16px; font-style: normal; font-weight: 400; color: rgb(82, 82, 82); -webkit-font-smoothing: antialiased; -webkit-tap-highlight-color: transparent;\">Video &#8222;Service&#8220;: <a href=\"https:\/\/www.istockphoto.com\/de\/portfolio\/nd3000?assettype=film\">iStock.com\/nd3000<\/a><\/h1>\n<div><br><\/div>\n<div>\n<h1 style=\"border-style: solid; border-color: rgb(51, 51, 51); font-variant-ligatures: normal; font-variant-caps: normal; font-size: 16px; font-style: normal; font-weight: 400; color: rgb(82, 82, 82); -webkit-font-smoothing: antialiased; -webkit-tap-highlight-color: transparent;\">Video &#8222;Engineering&#8220;: <a href=\"http:\/\/iStock.com\/gorodenkoff\">iS<\/a><a href=\"https:\/\/www.istockphoto.com\/de\/portfolio\/gorodenkoff?assettype=film\">tock.com\/gorodenkoff<\/a><\/h1>\n<\/div>\t\t\t\t\t\t\t\t<\/div>\n\t\t\t\t<\/div>\n\t\t\t\t\t<\/div>\n\t\t<\/div>\n\t\t\t\t<div class=\"elementor-column elementor-col-50 elementor-top-column elementor-element elementor-element-629f297f\" data-id=\"629f297f\" data-element_type=\"column\" data-e-type=\"column\">\n\t\t\t<div class=\"elementor-widget-wrap elementor-element-populated\">\n\t\t\t\t\t\t<div class=\"elementor-element elementor-element-578a5f73 elementor-widget elementor-widget-image\" data-id=\"578a5f73\" data-element_type=\"widget\" data-e-type=\"widget\" data-widget_type=\"image.default\">\n\t\t\t\t<div class=\"elementor-widget-container\">\n\t\t\t\t\t\t\t\t\t\t\t\t\t\t\t<img fetchpriority=\"high\" decoding=\"async\" width=\"560\" height=\"360\" src=\"https:\/\/www.premoem.com\/wp-content\/uploads\/2021\/08\/banner-01.png\" class=\"attachment-large size-large wp-image-379\" alt=\"\" srcset=\"https:\/\/www.premoem.com\/wp-content\/uploads\/2021\/08\/banner-01.png 560w, https:\/\/www.premoem.com\/wp-content\/uploads\/2021\/08\/banner-01-300x193.png 300w\" sizes=\"(max-width: 560px) 100vw, 560px\" \/>\t\t\t\t\t\t\t\t\t\t\t\t\t\t\t<\/div>\n\t\t\t\t<\/div>\n\t\t\t\t\t<\/div>\n\t\t<\/div>\n\t\t\t\t\t<\/div>\n\t\t<\/section>\n\t\t\t\t<\/div>","protected":false},"excerpt":{"rendered":"<p>Impressum PREMOEM GmbH Wiesenstra\u00dfe 21 (W21) &nbsp; D-40549 D\u00fcsseldorf &nbsp; Phone +49 (0)2 11 &#8211; 92419-777 &nbsp; Fax +49 (0)2 11 &#8211; 92419-762 &nbsp; mail@premoem.com &nbsp; Gesch\u00e4ftsf\u00fchrer: HAKKI SARI &nbsp; Registergericht: Amtsgericht D\u00fcsseldorf Registernummer: HRB 74066 Umsatzsteuer-Identifikationsnummer gem\u00e4\u00df \u00a7 27a Umsatzsteuergesetz:DE 299153314 &nbsp; Inhaltlich Verantwortlich gem\u00e4\u00df \u00a7 55 Abs. 2 RStV: HAKKI SARI &nbsp; Haftungshinweis: [&hellip;]<\/p>\n","protected":false},"author":1,"featured_media":0,"parent":0,"menu_order":0,"comment_status":"closed","ping_status":"closed","template":"elementor_header_footer","meta":{"ocean_post_layout":"","ocean_both_sidebars_style":"","ocean_both_sidebars_content_width":0,"ocean_both_sidebars_sidebars_width":0,"ocean_sidebar":"0","ocean_second_sidebar":"0","ocean_disable_margins":"enable","ocean_add_body_class":"","ocean_shortcode_before_top_bar":"","ocean_shortcode_after_top_bar":"","ocean_shortcode_before_header":"","ocean_shortcode_after_header":"","ocean_has_shortcode":"","ocean_shortcode_after_title":"","ocean_shortcode_before_footer_widgets":"","ocean_shortcode_after_footer_widgets":"","ocean_shortcode_before_footer_bottom":"","ocean_shortcode_after_footer_bottom":"","ocean_display_top_bar":"default","ocean_display_header":"default","ocean_header_style":"","ocean_center_header_left_menu":"0","ocean_custom_header_template":"0","ocean_custom_logo":0,"ocean_custom_retina_logo":0,"ocean_custom_logo_max_width":0,"ocean_custom_logo_tablet_max_width":0,"ocean_custom_logo_mobile_max_width":0,"ocean_custom_logo_max_height":0,"ocean_custom_logo_tablet_max_height":0,"ocean_custom_logo_mobile_max_height":0,"ocean_header_custom_menu":"0","ocean_menu_typo_font_family":"0","ocean_menu_typo_font_subset":"","ocean_menu_typo_font_size":0,"ocean_menu_typo_font_size_tablet":0,"ocean_menu_typo_font_size_mobile":0,"ocean_menu_typo_font_size_unit":"px","ocean_menu_typo_font_weight":"","ocean_menu_typo_font_weight_tablet":"","ocean_menu_typo_font_weight_mobile":"","ocean_menu_typo_transform":"","ocean_menu_typo_transform_tablet":"","ocean_menu_typo_transform_mobile":"","ocean_menu_typo_line_height":0,"ocean_menu_typo_line_height_tablet":0,"ocean_menu_typo_line_height_mobile":0,"ocean_menu_typo_line_height_unit":"","ocean_menu_typo_spacing":0,"ocean_menu_typo_spacing_tablet":0,"ocean_menu_typo_spacing_mobile":0,"ocean_menu_typo_spacing_unit":"","ocean_menu_link_color":"","ocean_menu_link_color_hover":"","ocean_menu_link_color_active":"","ocean_menu_link_background":"","ocean_menu_link_hover_background":"","ocean_menu_link_active_background":"","ocean_menu_social_links_bg":"","ocean_menu_social_hover_links_bg":"","ocean_menu_social_links_color":"","ocean_menu_social_hover_links_color":"","ocean_disable_title":"on","ocean_disable_heading":"default","ocean_post_title":"","ocean_post_subheading":"","ocean_post_title_style":"","ocean_post_title_background_color":"","ocean_post_title_background":0,"ocean_post_title_bg_image_position":"","ocean_post_title_bg_image_attachment":"","ocean_post_title_bg_image_repeat":"","ocean_post_title_bg_image_size":"","ocean_post_title_height":0,"ocean_post_title_bg_overlay":0.5,"ocean_post_title_bg_overlay_color":"","ocean_disable_breadcrumbs":"default","ocean_breadcrumbs_color":"","ocean_breadcrumbs_separator_color":"","ocean_breadcrumbs_links_color":"","ocean_breadcrumbs_links_hover_color":"","ocean_display_footer_widgets":"default","ocean_display_footer_bottom":"default","ocean_custom_footer_template":"0","footnotes":""},"class_list":["post-396","page","type-page","status-publish","hentry","entry"],"_links":{"self":[{"href":"https:\/\/www.premoem.com\/en\/wp-json\/wp\/v2\/pages\/396","targetHints":{"allow":["GET"]}}],"collection":[{"href":"https:\/\/www.premoem.com\/en\/wp-json\/wp\/v2\/pages"}],"about":[{"href":"https:\/\/www.premoem.com\/en\/wp-json\/wp\/v2\/types\/page"}],"author":[{"embeddable":true,"href":"https:\/\/www.premoem.com\/en\/wp-json\/wp\/v2\/users\/1"}],"replies":[{"embeddable":true,"href":"https:\/\/www.premoem.com\/en\/wp-json\/wp\/v2\/comments?post=396"}],"version-history":[{"count":51,"href":"https:\/\/www.premoem.com\/en\/wp-json\/wp\/v2\/pages\/396\/revisions"}],"predecessor-version":[{"id":738,"href":"https:\/\/www.premoem.com\/en\/wp-json\/wp\/v2\/pages\/396\/revisions\/738"}],"wp:attachment":[{"href":"https:\/\/www.premoem.com\/en\/wp-json\/wp\/v2\/media?parent=396"}],"curies":[{"name":"wp","href":"https:\/\/api.w.org\/{rel}","templated":true}]}}