{"id":498,"date":"2021-08-24T10:24:47","date_gmt":"2021-08-24T08:24:47","guid":{"rendered":"https:\/\/www.premoem.org\/?page_id=498"},"modified":"2021-09-21T13:00:50","modified_gmt":"2021-09-21T11:00:50","slug":"ueber-uns","status":"publish","type":"page","link":"https:\/\/www.premoem.com\/en\/ueber-uns\/","title":{"rendered":"About us"},"content":{"rendered":"<div data-elementor-type=\"wp-page\" data-elementor-id=\"498\" class=\"elementor elementor-498\">\n\t\t\t\t\t\t<section class=\"elementor-section elementor-top-section elementor-element elementor-element-4d2ae9e7 elementor-section-boxed elementor-section-height-default elementor-section-height-default elementor-invisible\" data-id=\"4d2ae9e7\" data-element_type=\"section\" data-e-type=\"section\" data-settings=\"{&quot;background_background&quot;:&quot;classic&quot;,&quot;animation&quot;:&quot;fadeIn&quot;}\">\n\t\t\t\t\t\t\t<div class=\"elementor-background-overlay\"><\/div>\n\t\t\t\t\t\t\t<div class=\"elementor-container elementor-column-gap-default\">\n\t\t\t\t\t<div class=\"elementor-column elementor-col-100 elementor-top-column elementor-element elementor-element-71e3401\" data-id=\"71e3401\" data-element_type=\"column\" data-e-type=\"column\">\n\t\t\t<div class=\"elementor-widget-wrap elementor-element-populated\">\n\t\t\t\t\t\t<div class=\"elementor-element elementor-element-575792fe elementor-invisible elementor-widget elementor-widget-heading\" data-id=\"575792fe\" data-element_type=\"widget\" data-e-type=\"widget\" data-settings=\"{&quot;_animation&quot;:&quot;fadeIn&quot;}\" data-widget_type=\"heading.default\">\n\t\t\t\t<div class=\"elementor-widget-container\">\n\t\t\t\t\t<h2 class=\"elementor-heading-title elementor-size-default\">About us<\/h2>\t\t\t\t<\/div>\n\t\t\t\t<\/div>\n\t\t\t\t\t<\/div>\n\t\t<\/div>\n\t\t\t\t\t<\/div>\n\t\t<\/section>\n\t\t\t\t<section class=\"elementor-section elementor-top-section elementor-element elementor-element-95999ae elementor-section-boxed elementor-section-height-default elementor-section-height-default\" data-id=\"95999ae\" data-element_type=\"section\" data-e-type=\"section\">\n\t\t\t\t\t\t<div class=\"elementor-container elementor-column-gap-default\">\n\t\t\t\t\t<div class=\"elementor-column elementor-col-100 elementor-top-column elementor-element elementor-element-4f96005\" data-id=\"4f96005\" data-element_type=\"column\" data-e-type=\"column\">\n\t\t\t<div class=\"elementor-widget-wrap elementor-element-populated\">\n\t\t\t\t\t\t<div class=\"elementor-element elementor-element-89b0fea elementor-widget elementor-widget-text-editor\" data-id=\"89b0fea\" data-element_type=\"widget\" data-e-type=\"widget\" data-widget_type=\"text-editor.default\">\n\t\t\t\t<div class=\"elementor-widget-container\">\n\t\t\t\t\t\t\t\t\t<h5 style=\"border-style: solid; border-color: #333333; -webkit-font-smoothing: antialiased; margin-bottom: 0px; -webkit-tap-highlight-color: transparent; color: #525252; font-family: Montserrat; font-style: normal; font-variant-ligatures: normal; font-variant-caps: normal; font-weight: 400; line-height: 1.5; font-size: 18px !important; text-align: left;\"><span style=\"border-style: solid; border-color: #333333; -webkit-font-smoothing: antialiased; -webkit-tap-highlight-color: transparent; display: initial; font-family: 'Titillium Web'; font-size: 18px !important;\">PREMOEM stands for premium quality in OEM. It is built on four strategic pillars: Manufacturing, sales, service and engineering in mechanical engineering, especially for hydraulic systems. PREMOEM supplies hydraulic components for many industrial applications in fluid technology. The components are technically developed and produced jointly in plants of exclusive European partner companies. In addition to small and medium-sized OEMs, our customers mainly include specialised equipment and maintenance workshop customers in Germany and throughout Europe.<\/span><\/h5><p style=\"border-style: solid; border-color: #333333; -webkit-font-smoothing: antialiased; margin-bottom: 0px; -webkit-tap-highlight-color: transparent; color: #525252; font-family: Montserrat; font-size: 14px; font-style: normal; font-variant-ligatures: normal; font-variant-caps: normal; font-weight: 400; line-height: 1.5; text-align: left;\"><span style=\"border-style: solid; border-color: #333333; -webkit-font-smoothing: antialiased; -webkit-tap-highlight-color: transparent; display: initial; font-family: 'Titillium Web'; font-size: 18px !important;\">\u00a0<\/span><\/p><p style=\"border-style: solid; border-color: #333333; -webkit-font-smoothing: antialiased; margin-bottom: 0px; -webkit-tap-highlight-color: transparent; color: #525252; font-family: Montserrat; font-style: normal; font-variant-ligatures: normal; font-variant-caps: normal; font-weight: 400; line-height: 1.5; font-size: 18px !important; text-align: left;\"><span style=\"border-style: solid; border-color: #333333; -webkit-font-smoothing: antialiased; -webkit-tap-highlight-color: transparent; display: initial; font-family: 'Titillium Web'; font-size: 18px !important;\">The unique feature of the company is the engineering consulting service: For PREMOEM, it is very important to offer the customer a customised and individual solution. Therefore, customer-specific technical solutions are found together with him. Our team consists of commercial and technical specialists with many years of professional experience in mechanical engineering. As an interface and link with partner producers, PREMOEM offers synergies and concrete added value for the customer with its very good inventory, prompt delivery, excellent quality and individual solutions, at prices competitive with the market. PREMOEM products guarantee lasting functional reliability through precision manufacturing, together with precisely matched material properties and ideal product design.<\/span><\/p>\t\t\t\t\t\t\t\t<\/div>\n\t\t\t\t<\/div>\n\t\t\t\t\t<\/div>\n\t\t<\/div>\n\t\t\t\t\t<\/div>\n\t\t<\/section>\n\t\t\t\t<section class=\"elementor-section elementor-top-section elementor-element elementor-element-d7d42ea elementor-section-boxed elementor-section-height-default elementor-section-height-default\" data-id=\"d7d42ea\" data-element_type=\"section\" data-e-type=\"section\">\n\t\t\t\t\t\t<div class=\"elementor-container elementor-column-gap-default\">\n\t\t\t\t\t<div class=\"elementor-column elementor-col-100 elementor-top-column elementor-element elementor-element-d6adb3c\" data-id=\"d6adb3c\" data-element_type=\"column\" data-e-type=\"column\">\n\t\t\t<div class=\"elementor-widget-wrap elementor-element-populated\">\n\t\t\t\t\t\t<div class=\"elementor-element elementor-element-fa42edf elementor-widget elementor-widget-image\" data-id=\"fa42edf\" data-element_type=\"widget\" data-e-type=\"widget\" data-widget_type=\"image.default\">\n\t\t\t\t<div class=\"elementor-widget-container\">\n\t\t\t\t\t\t\t\t\t\t\t\t\t\t\t<img fetchpriority=\"high\" decoding=\"async\" width=\"560\" height=\"360\" src=\"https:\/\/www.premoem.com\/wp-content\/uploads\/2021\/08\/banner-01.png\" class=\"attachment-large size-large wp-image-379\" alt=\"\" srcset=\"https:\/\/www.premoem.com\/wp-content\/uploads\/2021\/08\/banner-01.png 560w, https:\/\/www.premoem.com\/wp-content\/uploads\/2021\/08\/banner-01-300x193.png 300w\" sizes=\"(max-width: 560px) 100vw, 560px\" \/>\t\t\t\t\t\t\t\t\t\t\t\t\t\t\t<\/div>\n\t\t\t\t<\/div>\n\t\t\t\t\t<\/div>\n\t\t<\/div>\n\t\t\t\t\t<\/div>\n\t\t<\/section>\n\t\t\t\t<\/div>","protected":false},"excerpt":{"rendered":"<p>\u00dcber uns Die PREMOEM GmbH steht f\u00fcr Premium Qualit\u00e4t in OEM. Sie ist auf vier strategischen S\u00e4ulen aufgebaut: Herstellung, Vertrieb, Service und Engineering im Maschinenbau, insbesondere f\u00fcr hydraulische Anlagen. PREMOEM liefert Hydraulikkomponenten f\u00fcr viele industrielle Anwendungen in der Fluidtechnik. Die Komponenten werden gemeinsam in Werken von exklusiven europ\u00e4ischen Partnerunternehmen technisch entwickelt und produziert. Zu unseren [&hellip;]<\/p>\n","protected":false},"author":1,"featured_media":0,"parent":0,"menu_order":0,"comment_status":"closed","ping_status":"closed","template":"elementor_header_footer","meta":{"ocean_post_layout":"","ocean_both_sidebars_style":"","ocean_both_sidebars_content_width":0,"ocean_both_sidebars_sidebars_width":0,"ocean_sidebar":"0","ocean_second_sidebar":"0","ocean_disable_margins":"enable","ocean_add_body_class":"","ocean_shortcode_before_top_bar":"","ocean_shortcode_after_top_bar":"","ocean_shortcode_before_header":"","ocean_shortcode_after_header":"","ocean_has_shortcode":"","ocean_shortcode_after_title":"","ocean_shortcode_before_footer_widgets":"","ocean_shortcode_after_footer_widgets":"","ocean_shortcode_before_footer_bottom":"","ocean_shortcode_after_footer_bottom":"","ocean_display_top_bar":"default","ocean_display_header":"default","ocean_header_style":"","ocean_center_header_left_menu":"0","ocean_custom_header_template":"0","ocean_custom_logo":0,"ocean_custom_retina_logo":0,"ocean_custom_logo_max_width":0,"ocean_custom_logo_tablet_max_width":0,"ocean_custom_logo_mobile_max_width":0,"ocean_custom_logo_max_height":0,"ocean_custom_logo_tablet_max_height":0,"ocean_custom_logo_mobile_max_height":0,"ocean_header_custom_menu":"0","ocean_menu_typo_font_family":"0","ocean_menu_typo_font_subset":"","ocean_menu_typo_font_size":0,"ocean_menu_typo_font_size_tablet":0,"ocean_menu_typo_font_size_mobile":0,"ocean_menu_typo_font_size_unit":"px","ocean_menu_typo_font_weight":"","ocean_menu_typo_font_weight_tablet":"","ocean_menu_typo_font_weight_mobile":"","ocean_menu_typo_transform":"","ocean_menu_typo_transform_tablet":"","ocean_menu_typo_transform_mobile":"","ocean_menu_typo_line_height":0,"ocean_menu_typo_line_height_tablet":0,"ocean_menu_typo_line_height_mobile":0,"ocean_menu_typo_line_height_unit":"","ocean_menu_typo_spacing":0,"ocean_menu_typo_spacing_tablet":0,"ocean_menu_typo_spacing_mobile":0,"ocean_menu_typo_spacing_unit":"","ocean_menu_link_color":"","ocean_menu_link_color_hover":"","ocean_menu_link_color_active":"","ocean_menu_link_background":"","ocean_menu_link_hover_background":"","ocean_menu_link_active_background":"","ocean_menu_social_links_bg":"","ocean_menu_social_hover_links_bg":"","ocean_menu_social_links_color":"","ocean_menu_social_hover_links_color":"","ocean_disable_title":"on","ocean_disable_heading":"default","ocean_post_title":"","ocean_post_subheading":"","ocean_post_title_style":"","ocean_post_title_background_color":"","ocean_post_title_background":0,"ocean_post_title_bg_image_position":"","ocean_post_title_bg_image_attachment":"","ocean_post_title_bg_image_repeat":"","ocean_post_title_bg_image_size":"","ocean_post_title_height":0,"ocean_post_title_bg_overlay":0.5,"ocean_post_title_bg_overlay_color":"","ocean_disable_breadcrumbs":"default","ocean_breadcrumbs_color":"","ocean_breadcrumbs_separator_color":"","ocean_breadcrumbs_links_color":"","ocean_breadcrumbs_links_hover_color":"","ocean_display_footer_widgets":"default","ocean_display_footer_bottom":"default","ocean_custom_footer_template":"0","footnotes":""},"class_list":["post-498","page","type-page","status-publish","hentry","entry"],"_links":{"self":[{"href":"https:\/\/www.premoem.com\/en\/wp-json\/wp\/v2\/pages\/498","targetHints":{"allow":["GET"]}}],"collection":[{"href":"https:\/\/www.premoem.com\/en\/wp-json\/wp\/v2\/pages"}],"about":[{"href":"https:\/\/www.premoem.com\/en\/wp-json\/wp\/v2\/types\/page"}],"author":[{"embeddable":true,"href":"https:\/\/www.premoem.com\/en\/wp-json\/wp\/v2\/users\/1"}],"replies":[{"embeddable":true,"href":"https:\/\/www.premoem.com\/en\/wp-json\/wp\/v2\/comments?post=498"}],"version-history":[{"count":43,"href":"https:\/\/www.premoem.com\/en\/wp-json\/wp\/v2\/pages\/498\/revisions"}],"predecessor-version":[{"id":795,"href":"https:\/\/www.premoem.com\/en\/wp-json\/wp\/v2\/pages\/498\/revisions\/795"}],"wp:attachment":[{"href":"https:\/\/www.premoem.com\/en\/wp-json\/wp\/v2\/media?parent=498"}],"curies":[{"name":"wp","href":"https:\/\/api.w.org\/{rel}","templated":true}]}}